{"id":75505,"date":"2025-03-03T09:57:46","date_gmt":"2025-03-03T09:57:46","guid":{"rendered":"https:\/\/cristinanavarrosl.es\/?page_id=75505"},"modified":"2025-03-03T09:58:16","modified_gmt":"2025-03-03T09:58:16","slug":"aviso-legal","status":"publish","type":"page","link":"https:\/\/cristinanavarrosl.es\/en\/aviso-legal\/","title":{"rendered":"Aviso Legal"},"content":{"rendered":"<div data-elementor-type=\"wp-page\" data-elementor-id=\"75505\" class=\"elementor elementor-75505\" data-elementor-settings=\"[]\">\n\t\t\t\t\t\t\t<div class=\"elementor-section-wrap\">\n\t\t\t\t\t\t\t<section class=\"elementor-section elementor-top-section elementor-element elementor-element-fc76a94 elementor-section-boxed elementor-section-height-default elementor-section-height-default\" data-id=\"fc76a94\" data-element_type=\"section\">\n\t\t\t\t\t\t<div class=\"elementor-container elementor-column-gap-default\">\n\t\t\t\t\t<div class=\"elementor-column elementor-col-100 elementor-top-column elementor-element elementor-element-3731fb9\" data-fullscreen-column-settings=\"{&quot;fullscreen&quot;:&quot;&quot;}\" data-id=\"3731fb9\" data-element_type=\"column\">\n\t\t\t<div class=\"elementor-widget-wrap elementor-element-populated\">\n\t\t\t\t\t\t\t\t<div class=\"elementor-element elementor-element-6d3f951 elementor-widget elementor-widget-text-editor\" data-id=\"6d3f951\" data-element_type=\"widget\" data-widget_type=\"text-editor.default\">\n\t\t\t\t<div class=\"elementor-widget-container\">\n\t\t\t\t\t\t\t<p><span style=\"color: #066778; font-size: 1.75rem;\"><!-- wp:heading --><\/span><\/p><h2 style=\"text-align: justify;\"><span style=\"color: #066778; font-size: 1.75rem;\">AVISO LEGAL<\/span><\/h2><h2 style=\"text-align: justify; color: #066778;\">Condiciones generales de uso del portal de <strong>CRISTINA NAVARRO S.L<\/strong>.<\/h2><p><span style=\"color: #066778;\"><!-- \/wp:heading --><\/span><\/p><p style=\"text-align: justify;\"><strong>CRISTINA NAVARRO S.L<\/strong> con domicilio social en Calle Fuente Nueva, 6, 46191 Vilamarxant, Valencia, y NIF B96215645 le informa que el acceso y uso de la p\u00e1gina web www.cristinanavarrosl.es y todos los subdominios y directorios incluidos bajo la misma, as\u00ed como los servicios o contenidos que a trav\u00e9s de \u00e9l se puedan obtener y todos los portales de dominio propio bajo titularidad de <strong>CRISTINA NAVARRO S.L<\/strong>, est\u00e1n sujetos a los t\u00e9rminos que se detallan en este Aviso Legal, sin perjuicio de que el acceso a alguno de dichos servicios o contenidos pudieran precisar de la aceptaci\u00f3n de unas Condiciones Generales particulares adicionales.<\/p><p style=\"text-align: justify;\">Por ello, si las consideraciones detalladas en este Aviso Legal no son de su conformidad, rogamos no haga uso del Portal, ya que cualquier uso que haga del mismo o de los servicios y contenidos en \u00e9l incluidos implicar\u00e1 la aceptaci\u00f3n de los t\u00e9rminos legales recogidos en este texto.<\/p><p style=\"text-align: justify;\"><strong>CRISTINA NAVARRO S.L<\/strong> se reserva el derecho a realizar cambios en el Portal www.cristinanavarrosl.es y en todos los portales web del que es titular sin previo aviso, con el objeto de actualizar, corregir, modificar, a\u00f1adir o eliminar los contenidos del Portal o de su dise\u00f1o. Los contenidos y servicios que ofrecen los Portales se actualizan peri\u00f3dicamente. Debido a que la actualizaci\u00f3n de la informaci\u00f3n no es inmediata, le sugerimos que compruebe siempre la vigencia y exactitud de la informaci\u00f3n, servicios y contenidos recogidos en los mismos.<\/p><p style=\"text-align: justify;\">Las condiciones y t\u00e9rminos que se recogen en el presente Aviso Legal pueden variar, por lo que le invitamos a que revise estos t\u00e9rminos cuando visite de nuevo el Portal.<\/p><p><span style=\"color: #066778;\"><!-- \/wp:heading --><\/span><\/p><h2 style=\"text-align: justify; color: #066778;\">Derechos de propiedad intelectual y de propiedad industrial<\/h2><p><span style=\"color: #066778;\"><!-- \/wp:heading --><\/span><\/p><p style=\"text-align: justify;\">Las condiciones y t\u00e9rminos que se recogen en el presente Aviso Legal pueden variar, por lo que le invitamos a que revise estos t\u00e9rminos cuando visite de nuevo el Portal.<\/p><p style=\"text-align: justify;\">Su uso, reproducci\u00f3n, distribuci\u00f3n, comunicaci\u00f3n p\u00fablica, transformaci\u00f3n o cualquier otra actividad similar o an\u00e1loga, queda totalmente prohibida salvo que medie expresa autorizaci\u00f3n de <strong>CRISTINA NAVARRO S.L<\/strong>. La licencia de uso de cualquier contenido de este Portal otorgada al usuario se limita a la descarga por parte del usuario de dicho contenido y el uso privado del mismo, siempre que los citados contenidos permanezcan \u00edntegros.<\/p><p style=\"text-align: justify;\"><strong>CRISTINA NAVARRO S.L<\/strong> declara su respeto a los derechos de propiedad intelectual e industrial de terceros; por ello, si considera que este sitio pudiera estar violando sus derechos, rogamos se ponga en contacto con <strong>CRISTINA NAVARRO S.L<\/strong>.<\/p><h2 style=\"text-align: justify; color: #066778;\">Privacidad<\/h2><p><span style=\"color: #066778;\"><!-- \/wp:heading --><\/span><\/p><p style=\"text-align: justify;\"><strong>CRISTINA NAVARRO S.L<\/strong> declara su respeto a los derechos de propiedad intelectual e industrial de terceros; por ello, si considera que este sitio pudiera estar violando sus derechos, rogamos se ponga en contacto con <strong>CRISTINA NAVARRO S.L<\/strong>.<\/p><p style=\"text-align: justify;\">Usted tendr\u00e1 la posibilidad de ejercer los derechos de acceso, rectificaci\u00f3n, cancelaci\u00f3n, portabilidad, limitaci\u00f3n y oposici\u00f3n de sus datos personales, solicit\u00e1ndolo por correo certificado.<\/p><p style=\"text-align: justify;\"><strong>CRISTINA NAVARRO S.L<\/strong> mantiene los niveles de protecci\u00f3n de sus datos personales conforme al RGPD, relativo a las medidas de seguridad de los ficheros automatizados que contengan datos de car\u00e1cter personal, y ha establecido todos los medios t\u00e9cnicos a su alcance para evitar la p\u00e9rdida, mal uso, alteraci\u00f3n, acceso no autorizado y robo de los datos que Vd. facilite a <strong>CRISTINA NAVARRO S.L<\/strong>, sin perjuicio de que las medidas de seguridad en Internet no sean inexpugnables.<\/p><p style=\"text-align: justify;\"><strong>CRISTINA NAVARRO S.L<\/strong> se reserva la facultad de modificar la presente Pol\u00edtica de Privacidad para adaptarla a las novedades legislativas, jurisprudenciales o de interpretaci\u00f3n de la Agencia Espa\u00f1ola de Protecci\u00f3n de Datos. En este caso, <strong>CRISTINA NAVARRO S.L<\/strong> anunciar\u00e1 dichos cambios, indicando claramente y con la debida antelaci\u00f3n las modificaciones efectuadas, y solicitando, en caso de que sea necesario, su aceptaci\u00f3n de dichos cambios.<\/p><h2 style=\"text-align: justify; color: #066778;\">Privacidad<\/h2><h2 style=\"text-align: justify; color: #066778;\">Ley aplicable y jurisdicci\u00f3n<\/h2><p><span style=\"color: #066778;\"><!-- \/wp:heading --><\/span><\/p><p style=\"text-align: justify;\">La ley aplicable en caso de disputa o conflicto de interpretaci\u00f3n de los t\u00e9rminos que conforman este Aviso Legal, as\u00ed como cualquier cuesti\u00f3n relacionada con los servicios del presente Portal, ser\u00e1 la ley espa\u00f1ola. Para la resoluci\u00f3n de cualquier conflicto que pueda surgir con ocasi\u00f3n de la visita al Portal o del uso de los servicios que en \u00e9l se puedan ofertar, <strong>CRISTINA NAVARRO S.L<\/strong> y el Usuario acuerdan someterse a los Jueces y Tribunales de domicilio del Usuario, siempre que el mismo est\u00e9 situado en territorio espa\u00f1ol.<\/p><h2 style=\"text-align: justify; color: #066778;\">Frames<\/h2><p><span style=\"color: #066778;\"><!-- \/wp:heading --><\/span><\/p><p style=\"text-align: justify;\"><strong>CRISTINA NAVARRO S.L<\/strong> proh\u00edbe expresamente la realizaci\u00f3n de \u00abframmings\u00bb o la utilizaci\u00f3n por parte de terceros de cualesquiera otros mecanismos que alteren el dise\u00f1o, configuraci\u00f3n original o contenidos de su portal o portales bajo su titularidad.<\/p><h2 style=\"text-align: justify; color: #066778;\">Medidas de protecci\u00f3n ante uso abusivo o robotizado<\/h2><p><span style=\"color: #066778;\"><!-- \/wp:heading --><\/span><\/p><p style=\"text-align: justify;\"><strong>CRISTINA NAVARRO S.L<\/strong> se reserva el derecho a realizar cambios t\u00e9cnicos en el Portal www.cristinanavarrosl.es y en todos los portales web del que es titular sin previo aviso, con el objeto de preservar la disponibilidad del mismo ante eventuales usos abusivos manuales o robotizados de acceso al mismo.<\/p><h2 style=\"text-align: justify; color: #066778;\">Estad\u00edsticas de uso<\/h2><p><span style=\"color: #066778;\"><!-- \/wp:heading --><\/span><\/p><p style=\"text-align: justify;\"><strong>CRISTINA NAVARRO S.L<\/strong> informa de la utilizaci\u00f3n de Google Analytics en este portal.<\/p>\t\t\t\t\t\t<\/div>\n\t\t\t\t<\/div>\n\t\t\t\t\t<\/div>\n\t\t<\/div>\n\t\t\t\t\t\t\t<\/div>\n\t\t<\/section>\n\t\t\t\t<section class=\"elementor-section elementor-top-section elementor-element elementor-element-efbb378 elementor-section-full_width elementor-section-height-default elementor-section-height-default\" data-id=\"efbb378\" data-element_type=\"section\">\n\t\t\t\t\t\t<div class=\"elementor-container elementor-column-gap-default\">\n\t\t\t\t\t<div class=\"elementor-column elementor-col-100 elementor-top-column elementor-element elementor-element-046c7d4\" data-fullscreen-column-settings=\"{&quot;fullscreen&quot;:&quot;&quot;}\" data-id=\"046c7d4\" data-element_type=\"column\">\n\t\t\t<div class=\"elementor-widget-wrap elementor-element-populated\">\n\t\t\t\t\t\t\t\t<div class=\"elementor-element elementor-element-236eb19 elementor-widget elementor-widget-spacer\" data-id=\"236eb19\" data-element_type=\"widget\" data-widget_type=\"spacer.default\">\n\t\t\t\t<div class=\"elementor-widget-container\">\n\t\t\t\t\t<div class=\"elementor-spacer\">\n\t\t\t<div class=\"elementor-spacer-inner\"><\/div>\n\t\t<\/div>\n\t\t\t\t<\/div>\n\t\t\t\t<\/div>\n\t\t\t\t\t<\/div>\n\t\t<\/div>\n\t\t\t\t\t\t\t<\/div>\n\t\t<\/section>\n\t\t\t\t\t\t<\/div>\n\t\t\t\t\t<\/div>","protected":false},"excerpt":{"rendered":"<p>AVISO LEGAL Condiciones generales de uso del portal de CRISTINA NAVARRO S.L. CRISTINA NAVARRO S.L con domicilio social en Calle Fuente Nueva, 6, 46191 Vilamarxant, Valencia, y NIF B96215645 le informa que el acceso y uso de la p\u00e1gina web www.cristinanavarrosl.es y todos los subdominios y directorios incluidos bajo la misma, as\u00ed como los servicios [&hellip;]<\/p>","protected":false},"author":1,"featured_media":0,"parent":0,"menu_order":144,"comment_status":"closed","ping_status":"closed","template":"","meta":{"footnotes":""},"class_list":["post-75505","page","type-page","status-publish","hentry"],"_links":{"self":[{"href":"https:\/\/cristinanavarrosl.es\/en\/wp-json\/wp\/v2\/pages\/75505","targetHints":{"allow":["GET"]}}],"collection":[{"href":"https:\/\/cristinanavarrosl.es\/en\/wp-json\/wp\/v2\/pages"}],"about":[{"href":"https:\/\/cristinanavarrosl.es\/en\/wp-json\/wp\/v2\/types\/page"}],"author":[{"embeddable":true,"href":"https:\/\/cristinanavarrosl.es\/en\/wp-json\/wp\/v2\/users\/1"}],"replies":[{"embeddable":true,"href":"https:\/\/cristinanavarrosl.es\/en\/wp-json\/wp\/v2\/comments?post=75505"}],"version-history":[{"count":4,"href":"https:\/\/cristinanavarrosl.es\/en\/wp-json\/wp\/v2\/pages\/75505\/revisions"}],"predecessor-version":[{"id":75509,"href":"https:\/\/cristinanavarrosl.es\/en\/wp-json\/wp\/v2\/pages\/75505\/revisions\/75509"}],"wp:attachment":[{"href":"https:\/\/cristinanavarrosl.es\/en\/wp-json\/wp\/v2\/media?parent=75505"}],"curies":[{"name":"wp","href":"https:\/\/api.w.org\/{rel}","templated":true}]}}