{"id":75489,"date":"2025-02-06T12:48:56","date_gmt":"2025-02-06T12:48:56","guid":{"rendered":"https:\/\/cristina.artkvisual.com\/?page_id=75489"},"modified":"2025-02-06T12:52:05","modified_gmt":"2025-02-06T12:52:05","slug":"servicios-inmobiliarios","status":"publish","type":"page","link":"https:\/\/cristinanavarrosl.es\/en\/servicios-inmobiliarios\/","title":{"rendered":"SERVICIOS INMOBILIARIOS"},"content":{"rendered":"<div data-elementor-type=\"wp-page\" data-elementor-id=\"75489\" class=\"elementor elementor-75489\" data-elementor-settings=\"[]\">\n\t\t\t\t\t\t\t<div class=\"elementor-section-wrap\">\n\t\t\t\t\t\t\t<section class=\"elementor-section elementor-top-section elementor-element elementor-element-fc76a94 elementor-section-boxed elementor-section-height-default elementor-section-height-default\" data-id=\"fc76a94\" data-element_type=\"section\">\n\t\t\t\t\t\t<div class=\"elementor-container elementor-column-gap-default\">\n\t\t\t\t\t<div class=\"elementor-column elementor-col-100 elementor-top-column elementor-element elementor-element-3731fb9\" data-fullscreen-column-settings=\"{&quot;fullscreen&quot;:&quot;&quot;}\" data-id=\"3731fb9\" data-element_type=\"column\">\n\t\t\t<div class=\"elementor-widget-wrap elementor-element-populated\">\n\t\t\t\t\t\t\t\t<div class=\"elementor-element elementor-element-08fbfb8 elementor-widget elementor-widget-heading\" data-id=\"08fbfb8\" data-element_type=\"widget\" data-widget_type=\"heading.default\">\n\t\t\t\t<div class=\"elementor-widget-container\">\n\t\t\t<h2 class=\"elementor-heading-title elementor-size-default\">SERVICIOS INMOBILIARIOS<\/h2>\t\t<\/div>\n\t\t\t\t<\/div>\n\t\t\t\t<div class=\"elementor-element elementor-element-e37a194 elementor-widget elementor-widget-spacer\" data-id=\"e37a194\" data-element_type=\"widget\" data-widget_type=\"spacer.default\">\n\t\t\t\t<div class=\"elementor-widget-container\">\n\t\t\t\t\t<div class=\"elementor-spacer\">\n\t\t\t<div class=\"elementor-spacer-inner\"><\/div>\n\t\t<\/div>\n\t\t\t\t<\/div>\n\t\t\t\t<\/div>\n\t\t\t\t<div class=\"elementor-element elementor-element-6d3f951 elementor-widget elementor-widget-text-editor\" data-id=\"6d3f951\" data-element_type=\"widget\" data-widget_type=\"text-editor.default\">\n\t\t\t\t<div class=\"elementor-widget-container\">\n\t\t\t\t\t\t\t<p style=\"text-align: justify;\">En CRISTINA NAVARRO SL, ofrecemos un servicio inmobiliario de alta calidad, especializado en la compra, venta y alquiler de propiedades exclusivas. Nos ocupamos de cada detalle para garantizar una experiencia \u00e1gil, segura y personalizada.<\/p>\t\t\t\t\t\t<\/div>\n\t\t\t\t<\/div>\n\t\t\t\t\t<\/div>\n\t\t<\/div>\n\t\t\t\t\t\t\t<\/div>\n\t\t<\/section>\n\t\t\t\t<section class=\"elementor-section elementor-top-section elementor-element elementor-element-a27e0d2 elementor-section-boxed elementor-section-height-default elementor-section-height-default\" data-id=\"a27e0d2\" data-element_type=\"section\">\n\t\t\t\t\t\t<div class=\"elementor-container elementor-column-gap-default\">\n\t\t\t\t\t<div class=\"elementor-column elementor-col-50 elementor-top-column elementor-element elementor-element-9367e80\" data-fullscreen-column-settings=\"{&quot;fullscreen&quot;:&quot;&quot;}\" data-id=\"9367e80\" data-element_type=\"column\">\n\t\t\t<div class=\"elementor-widget-wrap elementor-element-populated\">\n\t\t\t\t\t\t\t\t<div class=\"elementor-element elementor-element-fa225cf elementor-view-default elementor-widget elementor-widget-litho-feature-box\" data-id=\"fa225cf\" data-element_type=\"widget\" data-settings=\"{&quot;litho_feature_box_styles&quot;:&quot;icon-text-style-1&quot;}\" data-widget_type=\"litho-feature-box.default\">\n\t\t\t\t<div class=\"elementor-widget-container\">\n\t\t\t<div class=\"feature-box icon-text-style-1\"><div class=\"elementor-icon\"><i aria-hidden=\"true\" class=\"fas fa-home\"><\/i><\/div><div class=\"feature-box-content\"><span class=\"title\">Alquileres exclusivos con respaldo legal.<\/span><\/div><\/div>\n\t\t\t\t\t\t\t\t<\/div>\n\t\t\t\t<\/div>\n\t\t\t\t\t<\/div>\n\t\t<\/div>\n\t\t\t\t<div class=\"elementor-column elementor-col-50 elementor-top-column elementor-element elementor-element-8388245\" data-fullscreen-column-settings=\"{&quot;fullscreen&quot;:&quot;&quot;}\" data-id=\"8388245\" data-element_type=\"column\">\n\t\t\t<div class=\"elementor-widget-wrap elementor-element-populated\">\n\t\t\t\t\t\t\t\t<div class=\"elementor-element elementor-element-5057ad5 elementor-view-default elementor-widget elementor-widget-litho-feature-box\" data-id=\"5057ad5\" data-element_type=\"widget\" data-settings=\"{&quot;litho_feature_box_styles&quot;:&quot;icon-text-style-1&quot;}\" data-widget_type=\"litho-feature-box.default\">\n\t\t\t\t<div class=\"elementor-widget-container\">\n\t\t\t<div class=\"feature-box icon-text-style-1\"><div class=\"elementor-icon\"><i aria-hidden=\"true\" class=\"fas fa-money-bill\"><\/i><\/div><div class=\"feature-box-content\"><span class=\"title\">Valoraci\u00f3n inmobiliaria precisa y realista.<\/span><\/div><\/div>\n\t\t\t\t\t\t\t\t<\/div>\n\t\t\t\t<\/div>\n\t\t\t\t\t<\/div>\n\t\t<\/div>\n\t\t\t\t\t\t\t<\/div>\n\t\t<\/section>\n\t\t\t\t<section class=\"elementor-section elementor-top-section elementor-element elementor-element-fa2c4e4 elementor-section-boxed elementor-section-height-default elementor-section-height-default\" data-id=\"fa2c4e4\" data-element_type=\"section\">\n\t\t\t\t\t\t<div class=\"elementor-container elementor-column-gap-default\">\n\t\t\t\t\t<div class=\"elementor-column elementor-col-50 elementor-top-column elementor-element elementor-element-89c8004\" data-fullscreen-column-settings=\"{&quot;fullscreen&quot;:&quot;&quot;}\" data-id=\"89c8004\" data-element_type=\"column\">\n\t\t\t<div class=\"elementor-widget-wrap elementor-element-populated\">\n\t\t\t\t\t\t\t\t<div class=\"elementor-element elementor-element-7d42de1 elementor-view-default elementor-widget elementor-widget-litho-feature-box\" data-id=\"7d42de1\" data-element_type=\"widget\" data-settings=\"{&quot;litho_feature_box_styles&quot;:&quot;icon-text-style-1&quot;}\" data-widget_type=\"litho-feature-box.default\">\n\t\t\t\t<div class=\"elementor-widget-container\">\n\t\t\t<div class=\"feature-box icon-text-style-1\"><div class=\"elementor-icon\"><i aria-hidden=\"true\" class=\"solid-icon-Consulting\"><\/i><\/div><div class=\"feature-box-content\"><span class=\"title\">Asesor\u00eda legal y fiscal para optimizar cada operaci\u00f3n.<\/span><\/div><\/div>\n\t\t\t\t\t\t\t\t<\/div>\n\t\t\t\t<\/div>\n\t\t\t\t\t<\/div>\n\t\t<\/div>\n\t\t\t\t<div class=\"elementor-column elementor-col-50 elementor-top-column elementor-element elementor-element-abe3c4a\" data-fullscreen-column-settings=\"{&quot;fullscreen&quot;:&quot;&quot;}\" data-id=\"abe3c4a\" data-element_type=\"column\">\n\t\t\t<div class=\"elementor-widget-wrap elementor-element-populated\">\n\t\t\t\t\t\t\t\t<div class=\"elementor-element elementor-element-5b35f56 elementor-view-default elementor-widget elementor-widget-litho-feature-box\" data-id=\"5b35f56\" data-element_type=\"widget\" data-settings=\"{&quot;litho_feature_box_styles&quot;:&quot;icon-text-style-1&quot;}\" data-widget_type=\"litho-feature-box.default\">\n\t\t\t\t<div class=\"elementor-widget-container\">\n\t\t\t<div class=\"feature-box icon-text-style-1\"><div class=\"elementor-icon\"><i aria-hidden=\"true\" class=\"solid-icon-Paper\"><\/i><\/div><div class=\"feature-box-content\"><span class=\"title\">Venta y compra de propiedades con asesoramiento integral.<\/span><\/div><\/div>\n\t\t\t\t\t\t\t\t<\/div>\n\t\t\t\t<\/div>\n\t\t\t\t\t<\/div>\n\t\t<\/div>\n\t\t\t\t\t\t\t<\/div>\n\t\t<\/section>\n\t\t\t\t<section class=\"elementor-section elementor-top-section elementor-element elementor-element-efbb378 elementor-section-full_width elementor-section-height-default elementor-section-height-default\" data-id=\"efbb378\" data-element_type=\"section\">\n\t\t\t\t\t\t<div class=\"elementor-container elementor-column-gap-default\">\n\t\t\t\t\t<div class=\"elementor-column elementor-col-100 elementor-top-column elementor-element elementor-element-046c7d4\" data-fullscreen-column-settings=\"{&quot;fullscreen&quot;:&quot;&quot;}\" data-id=\"046c7d4\" data-element_type=\"column\">\n\t\t\t<div class=\"elementor-widget-wrap elementor-element-populated\">\n\t\t\t\t\t\t\t\t<div class=\"elementor-element elementor-element-236eb19 elementor-widget elementor-widget-spacer\" data-id=\"236eb19\" data-element_type=\"widget\" data-widget_type=\"spacer.default\">\n\t\t\t\t<div class=\"elementor-widget-container\">\n\t\t\t\t\t<div class=\"elementor-spacer\">\n\t\t\t<div class=\"elementor-spacer-inner\"><\/div>\n\t\t<\/div>\n\t\t\t\t<\/div>\n\t\t\t\t<\/div>\n\t\t\t\t\t<\/div>\n\t\t<\/div>\n\t\t\t\t\t\t\t<\/div>\n\t\t<\/section>\n\t\t\t\t\t\t<\/div>\n\t\t\t\t\t<\/div>","protected":false},"excerpt":{"rendered":"<p>SERVICIOS INMOBILIARIOS En CRISTINA NAVARRO SL, ofrecemos un servicio inmobiliario de alta calidad, especializado en la compra, venta y alquiler de propiedades exclusivas. Nos ocupamos de cada detalle para garantizar una experiencia \u00e1gil, segura y personalizada. Alquileres exclusivos con respaldo legal. Valoraci\u00f3n inmobiliaria precisa y realista. Asesor\u00eda legal y fiscal para optimizar cada operaci\u00f3n. Venta [&hellip;]<\/p>","protected":false},"author":1,"featured_media":0,"parent":0,"menu_order":144,"comment_status":"closed","ping_status":"closed","template":"","meta":{"footnotes":""},"class_list":["post-75489","page","type-page","status-publish","hentry"],"_links":{"self":[{"href":"https:\/\/cristinanavarrosl.es\/en\/wp-json\/wp\/v2\/pages\/75489","targetHints":{"allow":["GET"]}}],"collection":[{"href":"https:\/\/cristinanavarrosl.es\/en\/wp-json\/wp\/v2\/pages"}],"about":[{"href":"https:\/\/cristinanavarrosl.es\/en\/wp-json\/wp\/v2\/types\/page"}],"author":[{"embeddable":true,"href":"https:\/\/cristinanavarrosl.es\/en\/wp-json\/wp\/v2\/users\/1"}],"replies":[{"embeddable":true,"href":"https:\/\/cristinanavarrosl.es\/en\/wp-json\/wp\/v2\/comments?post=75489"}],"version-history":[{"count":4,"href":"https:\/\/cristinanavarrosl.es\/en\/wp-json\/wp\/v2\/pages\/75489\/revisions"}],"predecessor-version":[{"id":75493,"href":"https:\/\/cristinanavarrosl.es\/en\/wp-json\/wp\/v2\/pages\/75489\/revisions\/75493"}],"wp:attachment":[{"href":"https:\/\/cristinanavarrosl.es\/en\/wp-json\/wp\/v2\/media?parent=75489"}],"curies":[{"name":"wp","href":"https:\/\/api.w.org\/{rel}","templated":true}]}}