{"id":75448,"date":"2025-01-30T12:13:26","date_gmt":"2025-01-30T12:13:26","guid":{"rendered":"https:\/\/cristina.artkvisual.com\/?page_id=75448"},"modified":"2025-03-12T09:36:03","modified_gmt":"2025-03-12T09:36:03","slug":"contacto","status":"publish","type":"page","link":"https:\/\/cristinanavarrosl.es\/en\/contacto\/","title":{"rendered":"CONTACTO"},"content":{"rendered":"<div data-elementor-type=\"wp-page\" data-elementor-id=\"75448\" class=\"elementor elementor-75448\" data-elementor-settings=\"[]\">\n\t\t\t\t\t\t\t<div class=\"elementor-section-wrap\">\n\t\t\t\t\t\t\t<section class=\"elementor-section elementor-top-section elementor-element elementor-element-fc76a94 elementor-section-boxed elementor-section-height-default elementor-section-height-default\" data-id=\"fc76a94\" data-element_type=\"section\">\n\t\t\t\t\t\t<div class=\"elementor-container elementor-column-gap-default\">\n\t\t\t\t\t<div class=\"elementor-column elementor-col-100 elementor-top-column elementor-element elementor-element-3731fb9\" data-fullscreen-column-settings=\"{&quot;fullscreen&quot;:&quot;&quot;}\" data-id=\"3731fb9\" data-element_type=\"column\">\n\t\t\t<div class=\"elementor-widget-wrap elementor-element-populated\">\n\t\t\t\t\t\t\t\t<div class=\"elementor-element elementor-element-08fbfb8 elementor-widget elementor-widget-heading\" data-id=\"08fbfb8\" data-element_type=\"widget\" data-widget_type=\"heading.default\">\n\t\t\t\t<div class=\"elementor-widget-container\">\n\t\t\t<h2 class=\"elementor-heading-title elementor-size-default\">CONTACTO<\/h2>\t\t<\/div>\n\t\t\t\t<\/div>\n\t\t\t\t<div class=\"elementor-element elementor-element-e37a194 elementor-widget elementor-widget-spacer\" data-id=\"e37a194\" data-element_type=\"widget\" data-widget_type=\"spacer.default\">\n\t\t\t\t<div class=\"elementor-widget-container\">\n\t\t\t\t\t<div class=\"elementor-spacer\">\n\t\t\t<div class=\"elementor-spacer-inner\"><\/div>\n\t\t<\/div>\n\t\t\t\t<\/div>\n\t\t\t\t<\/div>\n\t\t\t\t\t<\/div>\n\t\t<\/div>\n\t\t\t\t\t\t\t<\/div>\n\t\t<\/section>\n\t\t\t\t<section class=\"elementor-section elementor-top-section elementor-element elementor-element-5eae5d0 elementor-section-boxed elementor-section-height-default elementor-section-height-default\" data-id=\"5eae5d0\" data-element_type=\"section\" data-settings=\"{&quot;background_background&quot;:&quot;classic&quot;}\">\n\t\t\t\t\t\t<div class=\"elementor-container elementor-column-gap-default\">\n\t\t\t\t\t<div class=\"elementor-column elementor-col-33 elementor-top-column elementor-element elementor-element-b6c1716 hvr-float-3px\" data-fullscreen-column-settings=\"{&quot;fullscreen&quot;:&quot;&quot;}\" data-id=\"b6c1716\" data-element_type=\"column\">\n\t\t\t<div class=\"elementor-widget-wrap elementor-element-populated\">\n\t\t\t\t\t\t\t\t<div class=\"elementor-element elementor-element-fb4b382 elementor-view-default elementor-widget elementor-widget-litho-feature-box\" data-id=\"fb4b382\" data-element_type=\"widget\" data-settings=\"{&quot;litho_feature_box_styles&quot;:&quot;icon-text-style-2&quot;}\" data-widget_type=\"litho-feature-box.default\">\n\t\t\t\t<div class=\"elementor-widget-container\">\n\t\t\t<div class=\"feature-box icon-text-style-2\">\n\t\t\t\t\t\t<div class=\"icon-text-style-wrapper\"><div class=\"elementor-icon\"><i aria-hidden=\"true\" class=\"ti ti-timer\"><\/i><\/div><div class=\"feature-box-content\"><span class=\"title\">Horario<\/span><\/div><div class=\"content\"><span><p>Lunes a Viernes: 8:00 a 15:00<\/p><\/span><\/div><\/div>\n\t\t\t\t\t<\/div>\t\t<\/div>\n\t\t\t\t<\/div>\n\t\t\t\t\t<\/div>\n\t\t<\/div>\n\t\t\t\t<div class=\"elementor-column elementor-col-33 elementor-top-column elementor-element elementor-element-4336901 hvr-float-3px\" data-fullscreen-column-settings=\"{&quot;fullscreen&quot;:&quot;&quot;}\" data-id=\"4336901\" data-element_type=\"column\">\n\t\t\t<div class=\"elementor-widget-wrap elementor-element-populated\">\n\t\t\t\t\t\t\t\t<div class=\"elementor-element elementor-element-ed85fca elementor-view-default elementor-widget elementor-widget-litho-feature-box\" data-id=\"ed85fca\" data-element_type=\"widget\" data-settings=\"{&quot;litho_feature_box_styles&quot;:&quot;icon-text-style-2&quot;}\" data-widget_type=\"litho-feature-box.default\">\n\t\t\t\t<div class=\"elementor-widget-container\">\n\t\t\t<div class=\"feature-box icon-text-style-2\">\n\t\t\t\t\t\t<div class=\"icon-text-style-wrapper\"><div class=\"elementor-icon\"><i aria-hidden=\"true\" class=\"line-icon-Phone-2\"><\/i><\/div><div class=\"feature-box-content\"><span class=\"title\">Tel\u00e9fono<\/span><\/div><div class=\"content\"><span><p>962 71 00 67<\/p><\/span><\/div><\/div>\n\t\t\t\t\t<\/div>\t\t<\/div>\n\t\t\t\t<\/div>\n\t\t\t\t\t<\/div>\n\t\t<\/div>\n\t\t\t\t<div class=\"elementor-column elementor-col-33 elementor-top-column elementor-element elementor-element-aaf7304 hvr-float-3px\" data-fullscreen-column-settings=\"{&quot;fullscreen&quot;:&quot;&quot;}\" data-id=\"aaf7304\" data-element_type=\"column\">\n\t\t\t<div class=\"elementor-widget-wrap elementor-element-populated\">\n\t\t\t\t\t\t\t\t<div class=\"elementor-element elementor-element-6b4bfce elementor-view-default elementor-widget elementor-widget-litho-feature-box\" data-id=\"6b4bfce\" data-element_type=\"widget\" data-settings=\"{&quot;litho_feature_box_styles&quot;:&quot;icon-text-style-2&quot;}\" data-widget_type=\"litho-feature-box.default\">\n\t\t\t\t<div class=\"elementor-widget-container\">\n\t\t\t<div class=\"feature-box icon-text-style-2\">\n\t\t\t\t\t\t<div class=\"icon-text-style-wrapper\"><div class=\"elementor-icon\"><i aria-hidden=\"true\" class=\"line-icon-Email\"><\/i><\/div><div class=\"feature-box-content\"><span class=\"title\">Email<\/span><\/div><div class=\"content\"><span><p><span style=\"color: #828282\"><a style=\"color: #828282\" href=\"mailto:asesoria@cristinanavarrosl.es\" target=\"_blank\" rel=\"noopener\">asesoria@cristinanavarrosl.es<\/a><\/span><\/p><\/span><\/div><\/div>\n\t\t\t\t\t<\/div>\t\t<\/div>\n\t\t\t\t<\/div>\n\t\t\t\t\t<\/div>\n\t\t<\/div>\n\t\t\t\t\t\t\t<\/div>\n\t\t<\/section>\n\t\t\t\t<section class=\"elementor-section elementor-top-section elementor-element elementor-element-a27e0d2 elementor-section-boxed elementor-section-height-default elementor-section-height-default\" data-id=\"a27e0d2\" data-element_type=\"section\">\n\t\t\t\t\t\t<div class=\"elementor-container elementor-column-gap-default\">\n\t\t\t\t\t<div class=\"elementor-column elementor-col-100 elementor-top-column elementor-element elementor-element-55273a16\" data-fullscreen-column-settings=\"{&quot;fullscreen&quot;:&quot;&quot;}\" data-id=\"55273a16\" data-element_type=\"column\">\n\t\t\t<div class=\"elementor-widget-wrap elementor-element-populated\">\n\t\t\t\t\t\t\t\t<div class=\"elementor-element elementor-element-3d7c04b elementor-widget elementor-widget-heading\" data-id=\"3d7c04b\" data-element_type=\"widget\" data-widget_type=\"heading.default\">\n\t\t\t\t<div class=\"elementor-widget-container\">\n\t\t\t<h2 class=\"elementor-heading-title elementor-size-default\">\u00a1ESCR\u00cdBENOS!<\/h2>\t\t<\/div>\n\t\t\t\t<\/div>\n\t\t\t\t<div class=\"elementor-element elementor-element-b269481 elementor-widget elementor-widget-spacer\" data-id=\"b269481\" data-element_type=\"widget\" data-widget_type=\"spacer.default\">\n\t\t\t\t<div class=\"elementor-widget-container\">\n\t\t\t\t\t<div class=\"elementor-spacer\">\n\t\t\t<div class=\"elementor-spacer-inner\"><\/div>\n\t\t<\/div>\n\t\t\t\t<\/div>\n\t\t\t\t<\/div>\n\t\t\t\t<div class=\"elementor-element elementor-element-673ba47 elementor-widget elementor-widget-litho-contact-form\" data-id=\"673ba47\" data-element_type=\"widget\" data-widget_type=\"litho-contact-form.default\">\n\t\t\t\t<div class=\"elementor-widget-container\">\n\t\t\t                <div class=\"contact-form-wrapper\">\n                    <div role=\"form\" class=\"wpcf7\" id=\"wpcf7-f2265-o1\" lang=\"en-US\" dir=\"ltr\">\n<div class=\"screen-reader-response\"><p role=\"status\" aria-live=\"polite\" aria-atomic=\"true\"><\/p> <ul><\/ul><\/div>\n<form action=\"\/en\/wp-json\/wp\/v2\/pages\/75448#wpcf7-f2265-o1\" method=\"post\" class=\"wpcf7-form init\" novalidate=\"novalidate\" data-status=\"init\" data-trp-original-action=\"\/en\/wp-json\/wp\/v2\/pages\/75448#wpcf7-f2265-o1\">\n<div style=\"display: none;\">\n<input type=\"hidden\" name=\"_wpcf7\" value=\"2265\" \/>\n<input type=\"hidden\" name=\"_wpcf7_version\" value=\"5.5.3\" \/>\n<input type=\"hidden\" name=\"_wpcf7_locale\" value=\"en_US\" \/>\n<input type=\"hidden\" name=\"_wpcf7_unit_tag\" value=\"wpcf7-f2265-o1\" \/>\n<input type=\"hidden\" name=\"_wpcf7_container_post\" value=\"0\" \/>\n<input type=\"hidden\" name=\"_wpcf7_posted_data_hash\" value=\"\" \/>\n<input type=\"hidden\" name=\"_wpcf7_recaptcha_response\" value=\"\" \/>\n<\/div>\n<div class=\"\">\n<span class=\"wpcf7-form-control-wrap your-name\"><input type=\"text\" name=\"your-name\" value=\"\" size=\"40\" class=\"wpcf7-form-control wpcf7-text wpcf7-validates-as-required\" aria-required=\"true\" aria-invalid=\"false\" placeholder=\"Nombre *\" \/><\/span><br \/>\n<span class=\"wpcf7-form-control-wrap your-email-address\"><input type=\"email\" name=\"your-email-address\" value=\"\" size=\"40\" class=\"wpcf7-form-control wpcf7-text wpcf7-email wpcf7-validates-as-required wpcf7-validates-as-email\" aria-required=\"true\" aria-invalid=\"false\" placeholder=\"Email *\" \/><\/span><br \/>\n<span class=\"wpcf7-form-control-wrap your-mobile\"><input type=\"text\" name=\"your-mobile\" value=\"\" size=\"40\" class=\"wpcf7-form-control wpcf7-text\" aria-invalid=\"false\" placeholder=\"Tel\u00e9fono\" \/><\/span><br \/>\n<span class=\"wpcf7-form-control-wrap your-message\"><textarea name=\"your-message\" cols=\"40\" rows=\"10\" class=\"wpcf7-form-control wpcf7-textarea\" aria-invalid=\"false\" placeholder=\"\u00bfC\u00f3mo podemos ayudarte?\"><\/textarea><\/span>\n<\/div>\n<p style=\"font-size: 12px; text-align: justify;\">En cumplimiento del Reglamento (UE) 2016\/679 del Parlamento Europeo y del Consejo, de 27 de abril de 2016, relativo a la protecci\u00f3n de las personas f\u00edsicas en lo que respecta al tratamiento de datos personales y a la libre circulaci\u00f3n de estos datos, y por el que se deroga la Directiva 95 \/46\/EC (Reglamento General de Protecci\u00f3n de Datos), usted da su consentimiento para el procesamiento de sus datos personales proporcionados a trav\u00e9s de su solicitud. Asimismo, se le informa que los datos personales facilitados ser\u00e1n incorporados a un fichero titularidad de CRISTINA NAVARRO SL(\u201cCRISTINA NAVARRO SL\u201d), Calle Fuente Nueva, 6, 46191 Vilamarxant, Valencia y CIF B96215645. , debidamente inscrito en el Registro General de Protecci\u00f3n de Datos de Car\u00e1cter Personal, con la finalidad de mantener comunicaci\u00f3n respecto de los servicios profesionales que ofrece (ya sean clientes, asociados, proveedores, vendedores o personal). Por lo tanto, sus datos podr\u00e1n ser utilizados para fines de gesti\u00f3n administrativa y comercial, seg\u00fan su solicitud, y durante la eventual relaci\u00f3n contractual. Sus datos no ser\u00e1n cedidos a terceros salvo que sea legalmente necesario. Sin perjuicio de lo anterior, usted reconoce que posee y puede ejercer los derechos de acceder, modificar o eliminar cualquiera de sus datos personales, el derecho a limitar el uso de sus datos, el derecho a oponerse al uso y transmisi\u00f3n de sus datos, como en los t\u00e9rminos y condiciones establecidos en el RGPD, dirigi\u00e9ndose por escrito a la siguiente direcci\u00f3n y adjuntando copia legible de su Documento Nacional de Identidad: CRISTINA NAVARRO SL(\u201cCRISTINA NAVARRO SL\u201d),Calle Fuente Nueva, 6, 46191 Vilamarxant, Valencia y CIF B96215645.<\/p>\n<p><span class=\"wpcf7-form-control-wrap consentimiento\"><span class=\"wpcf7-form-control wpcf7-acceptance\"><span class=\"wpcf7-list-item\"><label><input type=\"checkbox\" name=\"consentimiento\" value=\"1\" aria-invalid=\"false\" \/><span class=\"wpcf7-list-item-label\">Doy mi consentimiento para el tratamiento de mis datos personales<\/span><\/label><\/span><\/span><\/span><\/p>\n<p><span class=\"wpcf7-form-control-wrap politica\"><span class=\"wpcf7-form-control wpcf7-acceptance\"><span class=\"wpcf7-list-item\"><label><input type=\"checkbox\" name=\"politica\" value=\"1\" aria-invalid=\"false\" \/><span class=\"wpcf7-list-item-label\">He le\u00eddo y acepto la <a href=\"\/en\/politica-de-privacidad\/\" style=\"color: #066778;\">Pol\u00edtica de Privacidad(*)<\/a><\/span><\/label><\/span><\/span><\/span><\/p>\n<div class=\"litho-button-wrapper contact-modern\"><input type=\"submit\" value=\"ENVIAR MENSAJE\" class=\"wpcf7-form-control has-spinner wpcf7-submit elementor-button elementor-size-md\" \/><\/div>\n<div class=\"wpcf7-response-output\" aria-hidden=\"true\"><\/div><input type=\"hidden\" name=\"trp-form-language\" value=\"en\"\/><\/form><\/div>                <\/div>\n          \t\t<\/div>\n\t\t\t\t<\/div>\n\t\t\t\t\t<\/div>\n\t\t<\/div>\n\t\t\t\t\t\t\t<\/div>\n\t\t<\/section>\n\t\t\t\t<section class=\"elementor-section elementor-top-section elementor-element elementor-element-efbb378 elementor-section-full_width elementor-section-height-default elementor-section-height-default\" data-id=\"efbb378\" data-element_type=\"section\">\n\t\t\t\t\t\t<div class=\"elementor-container elementor-column-gap-default\">\n\t\t\t\t\t<div class=\"elementor-column elementor-col-100 elementor-top-column elementor-element elementor-element-046c7d4\" data-fullscreen-column-settings=\"{&quot;fullscreen&quot;:&quot;&quot;}\" data-id=\"046c7d4\" data-element_type=\"column\">\n\t\t\t<div class=\"elementor-widget-wrap elementor-element-populated\">\n\t\t\t\t\t\t\t\t<div class=\"elementor-element elementor-element-236eb19 elementor-widget elementor-widget-spacer\" data-id=\"236eb19\" data-element_type=\"widget\" data-widget_type=\"spacer.default\">\n\t\t\t\t<div class=\"elementor-widget-container\">\n\t\t\t\t\t<div class=\"elementor-spacer\">\n\t\t\t<div class=\"elementor-spacer-inner\"><\/div>\n\t\t<\/div>\n\t\t\t\t<\/div>\n\t\t\t\t<\/div>\n\t\t\t\t\t<\/div>\n\t\t<\/div>\n\t\t\t\t\t\t\t<\/div>\n\t\t<\/section>\n\t\t\t\t\t\t<\/div>\n\t\t\t\t\t<\/div>","protected":false},"excerpt":{"rendered":"<p>CONTACTO Horario Lunes a Viernes: 8:00 a 15:00 Tel\u00e9fono 962 71 00 67 Email asesoria@cristinanavarrosl.es \u00a1ESCR\u00cdBENOS! En cumplimiento del Reglamento (UE) 2016\/679 del Parlamento Europeo y del Consejo, de 27 de abril de 2016, relativo a la protecci\u00f3n de las personas f\u00edsicas en lo que respecta al tratamiento de datos personales y a la libre [&hellip;]<\/p>","protected":false},"author":1,"featured_media":0,"parent":0,"menu_order":144,"comment_status":"closed","ping_status":"closed","template":"","meta":{"footnotes":""},"class_list":["post-75448","page","type-page","status-publish","hentry"],"_links":{"self":[{"href":"https:\/\/cristinanavarrosl.es\/en\/wp-json\/wp\/v2\/pages\/75448","targetHints":{"allow":["GET"]}}],"collection":[{"href":"https:\/\/cristinanavarrosl.es\/en\/wp-json\/wp\/v2\/pages"}],"about":[{"href":"https:\/\/cristinanavarrosl.es\/en\/wp-json\/wp\/v2\/types\/page"}],"author":[{"embeddable":true,"href":"https:\/\/cristinanavarrosl.es\/en\/wp-json\/wp\/v2\/users\/1"}],"replies":[{"embeddable":true,"href":"https:\/\/cristinanavarrosl.es\/en\/wp-json\/wp\/v2\/comments?post=75448"}],"version-history":[{"count":16,"href":"https:\/\/cristinanavarrosl.es\/en\/wp-json\/wp\/v2\/pages\/75448\/revisions"}],"predecessor-version":[{"id":75532,"href":"https:\/\/cristinanavarrosl.es\/en\/wp-json\/wp\/v2\/pages\/75448\/revisions\/75532"}],"wp:attachment":[{"href":"https:\/\/cristinanavarrosl.es\/en\/wp-json\/wp\/v2\/media?parent=75448"}],"curies":[{"name":"wp","href":"https:\/\/api.w.org\/{rel}","templated":true}]}}