{"id":75437,"date":"2025-01-30T11:37:34","date_gmt":"2025-01-30T11:37:34","guid":{"rendered":"https:\/\/cristina.artkvisual.com\/?page_id=75437"},"modified":"2025-02-06T12:48:20","modified_gmt":"2025-02-06T12:48:20","slug":"asesoria-laboral","status":"publish","type":"page","link":"https:\/\/cristinanavarrosl.es\/en\/asesoria-laboral\/","title":{"rendered":"ASESOR\u00cdA LABORAL"},"content":{"rendered":"<div data-elementor-type=\"wp-page\" data-elementor-id=\"75437\" class=\"elementor elementor-75437\" data-elementor-settings=\"[]\">\n\t\t\t\t\t\t\t<div class=\"elementor-section-wrap\">\n\t\t\t\t\t\t\t<section class=\"elementor-section elementor-top-section elementor-element elementor-element-fc76a94 elementor-section-boxed elementor-section-height-default elementor-section-height-default\" data-id=\"fc76a94\" data-element_type=\"section\">\n\t\t\t\t\t\t<div class=\"elementor-container elementor-column-gap-default\">\n\t\t\t\t\t<div class=\"elementor-column elementor-col-100 elementor-top-column elementor-element elementor-element-3731fb9\" data-fullscreen-column-settings=\"{&quot;fullscreen&quot;:&quot;&quot;}\" data-id=\"3731fb9\" data-element_type=\"column\">\n\t\t\t<div class=\"elementor-widget-wrap elementor-element-populated\">\n\t\t\t\t\t\t\t\t<div class=\"elementor-element elementor-element-08fbfb8 elementor-widget elementor-widget-heading\" data-id=\"08fbfb8\" data-element_type=\"widget\" data-widget_type=\"heading.default\">\n\t\t\t\t<div class=\"elementor-widget-container\">\n\t\t\t<h2 class=\"elementor-heading-title elementor-size-default\">ASESOR\u00cdA LABORAL<\/h2>\t\t<\/div>\n\t\t\t\t<\/div>\n\t\t\t\t<div class=\"elementor-element elementor-element-e37a194 elementor-widget elementor-widget-spacer\" data-id=\"e37a194\" data-element_type=\"widget\" data-widget_type=\"spacer.default\">\n\t\t\t\t<div class=\"elementor-widget-container\">\n\t\t\t\t\t<div class=\"elementor-spacer\">\n\t\t\t<div class=\"elementor-spacer-inner\"><\/div>\n\t\t<\/div>\n\t\t\t\t<\/div>\n\t\t\t\t<\/div>\n\t\t\t\t<div class=\"elementor-element elementor-element-6d3f951 elementor-widget elementor-widget-text-editor\" data-id=\"6d3f951\" data-element_type=\"widget\" data-widget_type=\"text-editor.default\">\n\t\t\t\t<div class=\"elementor-widget-container\">\n\t\t\t\t\t\t\t<p style=\"text-align: justify;\">Como su Asesor\u00eda Laboral, nosotros ayudamos a su negocio, proporcion\u00e1ndole soluciones en la externalizaci\u00f3n de la Administraci\u00f3n de Personal, realizando una aproximaci\u00f3n completa a la misma. Confeccionamos los contratos de trabajo, nominas, finiquitos y res\u00famenes de costes. Elaboramos los Expedientes de regulaci\u00f3n de empleo (ERE).<\/p>\t\t\t\t\t\t<\/div>\n\t\t\t\t<\/div>\n\t\t\t\t\t<\/div>\n\t\t<\/div>\n\t\t\t\t\t\t\t<\/div>\n\t\t<\/section>\n\t\t\t\t<section class=\"elementor-section elementor-top-section elementor-element elementor-element-a27e0d2 elementor-section-boxed elementor-section-height-default elementor-section-height-default\" data-id=\"a27e0d2\" data-element_type=\"section\">\n\t\t\t\t\t\t<div class=\"elementor-container elementor-column-gap-default\">\n\t\t\t\t\t<div class=\"elementor-column elementor-col-33 elementor-top-column elementor-element elementor-element-55273a16\" data-fullscreen-column-settings=\"{&quot;fullscreen&quot;:&quot;&quot;}\" data-id=\"55273a16\" data-element_type=\"column\">\n\t\t\t<div class=\"elementor-widget-wrap elementor-element-populated\">\n\t\t\t\t\t\t\t\t<div class=\"elementor-element elementor-element-1b8293ae elementor-view-default elementor-widget elementor-widget-litho-feature-box\" data-id=\"1b8293ae\" data-element_type=\"widget\" data-settings=\"{&quot;litho_feature_box_styles&quot;:&quot;icon-text-style-1&quot;}\" data-widget_type=\"litho-feature-box.default\">\n\t\t\t\t<div class=\"elementor-widget-container\">\n\t\t\t<div class=\"feature-box icon-text-style-1\"><div class=\"elementor-icon\"><i aria-hidden=\"true\" class=\"solid-icon-Paper\"><\/i><\/div><div class=\"feature-box-content\"><span class=\"title\">Contratos de trabajo y su comunicaci\u00f3n a la Base de Datos del Servicio P\u00fablico de Empleo, cumpliendo con normativas legales vigentes y garantizando la correcta actualizaci\u00f3n.<\/span><\/div><\/div>\n\t\t\t\t\t\t\t\t<\/div>\n\t\t\t\t<\/div>\n\t\t\t\t\t<\/div>\n\t\t<\/div>\n\t\t\t\t<div class=\"elementor-column elementor-col-33 elementor-top-column elementor-element elementor-element-9367e80\" data-fullscreen-column-settings=\"{&quot;fullscreen&quot;:&quot;&quot;}\" data-id=\"9367e80\" data-element_type=\"column\">\n\t\t\t<div class=\"elementor-widget-wrap elementor-element-populated\">\n\t\t\t\t\t\t\t\t<div class=\"elementor-element elementor-element-fa225cf elementor-view-default elementor-widget elementor-widget-litho-feature-box\" data-id=\"fa225cf\" data-element_type=\"widget\" data-settings=\"{&quot;litho_feature_box_styles&quot;:&quot;icon-text-style-1&quot;}\" data-widget_type=\"litho-feature-box.default\">\n\t\t\t\t<div class=\"elementor-widget-container\">\n\t\t\t<div class=\"feature-box icon-text-style-1\"><div class=\"elementor-icon\"><i aria-hidden=\"true\" class=\"icon-simple-line-users\"><\/i><\/div><div class=\"feature-box-content\"><span class=\"title\">La comunicaci\u00f3n de cualquier variaci\u00f3n, alta y\/o baja de sus empleados a la Seguridad Social, asegurando el cumplimiento de plazos y requisitos establecidos por la normativa vigente.<\/span><\/div><\/div>\n\t\t\t\t\t\t\t\t<\/div>\n\t\t\t\t<\/div>\n\t\t\t\t\t<\/div>\n\t\t<\/div>\n\t\t\t\t<div class=\"elementor-column elementor-col-33 elementor-top-column elementor-element elementor-element-8388245\" data-fullscreen-column-settings=\"{&quot;fullscreen&quot;:&quot;&quot;}\" data-id=\"8388245\" data-element_type=\"column\">\n\t\t\t<div class=\"elementor-widget-wrap elementor-element-populated\">\n\t\t\t\t\t\t\t\t<div class=\"elementor-element elementor-element-5057ad5 elementor-view-default elementor-widget elementor-widget-litho-feature-box\" data-id=\"5057ad5\" data-element_type=\"widget\" data-settings=\"{&quot;litho_feature_box_styles&quot;:&quot;icon-text-style-1&quot;}\" data-widget_type=\"litho-feature-box.default\">\n\t\t\t\t<div class=\"elementor-widget-container\">\n\t\t\t<div class=\"feature-box icon-text-style-1\"><div class=\"elementor-icon\"><i aria-hidden=\"true\" class=\"fas fa-user-plus\"><\/i><\/div><div class=\"feature-box-content\"><span class=\"title\">Prestamos servicio de Asesor\u00eda Laboral en el planteamiento de la mejor opci\u00f3n contractual a realizar, garantizando la aplicaci\u00f3n de las bonificaciones que legalmente correspondan.<\/span><\/div><\/div>\n\t\t\t\t\t\t\t\t<\/div>\n\t\t\t\t<\/div>\n\t\t\t\t\t<\/div>\n\t\t<\/div>\n\t\t\t\t\t\t\t<\/div>\n\t\t<\/section>\n\t\t\t\t<section class=\"elementor-section elementor-top-section elementor-element elementor-element-fa2c4e4 elementor-section-boxed elementor-section-height-default elementor-section-height-default\" data-id=\"fa2c4e4\" data-element_type=\"section\">\n\t\t\t\t\t\t<div class=\"elementor-container elementor-column-gap-default\">\n\t\t\t\t\t<div class=\"elementor-column elementor-col-33 elementor-top-column elementor-element elementor-element-89c8004\" data-fullscreen-column-settings=\"{&quot;fullscreen&quot;:&quot;&quot;}\" data-id=\"89c8004\" data-element_type=\"column\">\n\t\t\t<div class=\"elementor-widget-wrap elementor-element-populated\">\n\t\t\t\t\t\t\t\t<div class=\"elementor-element elementor-element-7d42de1 elementor-view-default elementor-widget elementor-widget-litho-feature-box\" data-id=\"7d42de1\" data-element_type=\"widget\" data-settings=\"{&quot;litho_feature_box_styles&quot;:&quot;icon-text-style-1&quot;}\" data-widget_type=\"litho-feature-box.default\">\n\t\t\t\t<div class=\"elementor-widget-container\">\n\t\t\t<div class=\"feature-box icon-text-style-1\"><div class=\"elementor-icon\"><i aria-hidden=\"true\" class=\"fas fa-money-bill\"><\/i><\/div><div class=\"feature-box-content\"><span class=\"title\">Realizamos los recibos salariales (n\u00f3minas) de acuerdo a sus instrucciones y a la normativa sectorial espec\u00edfica, vigente y aplicable en cada caso.<\/span><\/div><\/div>\n\t\t\t\t\t\t\t\t<\/div>\n\t\t\t\t<\/div>\n\t\t\t\t\t<\/div>\n\t\t<\/div>\n\t\t\t\t<div class=\"elementor-column elementor-col-33 elementor-top-column elementor-element elementor-element-5076214\" data-fullscreen-column-settings=\"{&quot;fullscreen&quot;:&quot;&quot;}\" data-id=\"5076214\" data-element_type=\"column\">\n\t\t\t<div class=\"elementor-widget-wrap elementor-element-populated\">\n\t\t\t\t\t\t\t\t<div class=\"elementor-element elementor-element-ce29f7c elementor-view-default elementor-widget elementor-widget-litho-feature-box\" data-id=\"ce29f7c\" data-element_type=\"widget\" data-settings=\"{&quot;litho_feature_box_styles&quot;:&quot;icon-text-style-1&quot;}\" data-widget_type=\"litho-feature-box.default\">\n\t\t\t\t<div class=\"elementor-widget-container\">\n\t\t\t<div class=\"feature-box icon-text-style-1\"><div class=\"elementor-icon\"><i aria-hidden=\"true\" class=\"icon-feather-paperclip\"><\/i><\/div><div class=\"feature-box-content\"><span class=\"title\">Emitimos listados para evaluar costes salariales, presupuestos y contabilidad, adem\u00e1s de simulaciones por cambios en n\u00f3minas, incrementos de IPC o atrasos.<\/span><\/div><\/div>\n\t\t\t\t\t\t\t\t<\/div>\n\t\t\t\t<\/div>\n\t\t\t\t\t<\/div>\n\t\t<\/div>\n\t\t\t\t<div class=\"elementor-column elementor-col-33 elementor-top-column elementor-element elementor-element-f1eed8d\" data-fullscreen-column-settings=\"{&quot;fullscreen&quot;:&quot;&quot;}\" data-id=\"f1eed8d\" data-element_type=\"column\">\n\t\t\t<div class=\"elementor-widget-wrap elementor-element-populated\">\n\t\t\t\t\t\t\t\t<div class=\"elementor-element elementor-element-ae01c52 elementor-view-default elementor-widget elementor-widget-litho-feature-box\" data-id=\"ae01c52\" data-element_type=\"widget\" data-settings=\"{&quot;litho_feature_box_styles&quot;:&quot;icon-text-style-1&quot;}\" data-widget_type=\"litho-feature-box.default\">\n\t\t\t\t<div class=\"elementor-widget-container\">\n\t\t\t<div class=\"feature-box icon-text-style-1\"><div class=\"elementor-icon\"><i aria-hidden=\"true\" class=\"solid-icon-Paper\"><\/i><\/div><div class=\"feature-box-content\"><span class=\"title\">Mensualmente le confeccionaremos listados donde podr\u00e1 hacer un seguimiento de las bajas por enfermedad, accidente y absentismo de su plantilla.<\/span><\/div><\/div>\n\t\t\t\t\t\t\t\t<\/div>\n\t\t\t\t<\/div>\n\t\t\t\t\t<\/div>\n\t\t<\/div>\n\t\t\t\t\t\t\t<\/div>\n\t\t<\/section>\n\t\t\t\t<section class=\"elementor-section elementor-top-section elementor-element elementor-element-1f97a1c elementor-section-boxed elementor-section-height-default elementor-section-height-default\" data-id=\"1f97a1c\" data-element_type=\"section\">\n\t\t\t\t\t\t<div class=\"elementor-container elementor-column-gap-default\">\n\t\t\t\t\t<div class=\"elementor-column elementor-col-33 elementor-top-column elementor-element elementor-element-f840d96\" data-fullscreen-column-settings=\"{&quot;fullscreen&quot;:&quot;&quot;}\" data-id=\"f840d96\" data-element_type=\"column\">\n\t\t\t<div class=\"elementor-widget-wrap elementor-element-populated\">\n\t\t\t\t\t\t\t\t<div class=\"elementor-element elementor-element-a2af4a8 elementor-view-default elementor-widget elementor-widget-litho-feature-box\" data-id=\"a2af4a8\" data-element_type=\"widget\" data-settings=\"{&quot;litho_feature_box_styles&quot;:&quot;icon-text-style-1&quot;}\" data-widget_type=\"litho-feature-box.default\">\n\t\t\t\t<div class=\"elementor-widget-container\">\n\t\t\t<div class=\"feature-box icon-text-style-1\"><div class=\"elementor-icon\"><i aria-hidden=\"true\" class=\"solid-icon-Business-ManWoman\"><\/i><\/div><div class=\"feature-box-content\"><span class=\"title\">Asesoramos en el correcto encuadramiento de los socios y administradores en los reg\u00edmenes de la Seguridad Social (Aut\u00f3nomos, General y General Asimilado).<\/span><\/div><\/div>\n\t\t\t\t\t\t\t\t<\/div>\n\t\t\t\t<\/div>\n\t\t\t\t\t<\/div>\n\t\t<\/div>\n\t\t\t\t<div class=\"elementor-column elementor-col-33 elementor-top-column elementor-element elementor-element-ac4d91e\" data-fullscreen-column-settings=\"{&quot;fullscreen&quot;:&quot;&quot;}\" data-id=\"ac4d91e\" data-element_type=\"column\">\n\t\t\t<div class=\"elementor-widget-wrap elementor-element-populated\">\n\t\t\t\t\t\t\t\t<div class=\"elementor-element elementor-element-e2270fd elementor-view-default elementor-widget elementor-widget-litho-feature-box\" data-id=\"e2270fd\" data-element_type=\"widget\" data-settings=\"{&quot;litho_feature_box_styles&quot;:&quot;icon-text-style-1&quot;}\" data-widget_type=\"litho-feature-box.default\">\n\t\t\t\t<div class=\"elementor-widget-container\">\n\t\t\t<div class=\"feature-box icon-text-style-1\"><div class=\"elementor-icon\"><i aria-hidden=\"true\" class=\"fas fa-money-bill\"><\/i><\/div><div class=\"feature-box-content\"><span class=\"title\">Asesoramos en pensiones de la Seguridad Social, jubilaciones, prejubilaciones, jubilaci\u00f3n parcial, incapacidades y prestaciones por desempleo.<\/span><\/div><\/div>\n\t\t\t\t\t\t\t\t<\/div>\n\t\t\t\t<\/div>\n\t\t\t\t\t<\/div>\n\t\t<\/div>\n\t\t\t\t<div class=\"elementor-column elementor-col-33 elementor-top-column elementor-element elementor-element-5238ea3\" data-fullscreen-column-settings=\"{&quot;fullscreen&quot;:&quot;&quot;}\" data-id=\"5238ea3\" data-element_type=\"column\">\n\t\t\t<div class=\"elementor-widget-wrap elementor-element-populated\">\n\t\t\t\t\t\t\t\t<div class=\"elementor-element elementor-element-d3acdec elementor-view-default elementor-widget elementor-widget-litho-feature-box\" data-id=\"d3acdec\" data-element_type=\"widget\" data-settings=\"{&quot;litho_feature_box_styles&quot;:&quot;icon-text-style-1&quot;}\" data-widget_type=\"litho-feature-box.default\">\n\t\t\t\t<div class=\"elementor-widget-container\">\n\t\t\t<div class=\"feature-box icon-text-style-1\"><div class=\"elementor-icon\"><i aria-hidden=\"true\" class=\"fas fa-building\"><\/i><\/div><div class=\"feature-box-content\"><span class=\"title\">Asesoramiento en relaci\u00f3n con la confecci\u00f3n de impuestos y aplicaci\u00f3n de retenciones correspondientes al Impuesto Sobre la Renta de las Personas F\u00edsicas.<\/span><\/div><\/div>\n\t\t\t\t\t\t\t\t<\/div>\n\t\t\t\t<\/div>\n\t\t\t\t\t<\/div>\n\t\t<\/div>\n\t\t\t\t\t\t\t<\/div>\n\t\t<\/section>\n\t\t\t\t<section class=\"elementor-section elementor-top-section elementor-element elementor-element-830e900 elementor-section-boxed elementor-section-height-default elementor-section-height-default\" data-id=\"830e900\" data-element_type=\"section\">\n\t\t\t\t\t\t<div class=\"elementor-container elementor-column-gap-default\">\n\t\t\t\t\t<div class=\"elementor-column elementor-col-33 elementor-top-column elementor-element elementor-element-c4cce42\" data-fullscreen-column-settings=\"{&quot;fullscreen&quot;:&quot;&quot;}\" data-id=\"c4cce42\" data-element_type=\"column\">\n\t\t\t<div class=\"elementor-widget-wrap elementor-element-populated\">\n\t\t\t\t\t\t\t\t<div class=\"elementor-element elementor-element-6691e64 elementor-view-default elementor-widget elementor-widget-litho-feature-box\" data-id=\"6691e64\" data-element_type=\"widget\" data-settings=\"{&quot;litho_feature_box_styles&quot;:&quot;icon-text-style-1&quot;}\" data-widget_type=\"litho-feature-box.default\">\n\t\t\t\t<div class=\"elementor-widget-container\">\n\t\t\t<div class=\"feature-box icon-text-style-1\"><div class=\"elementor-icon\"><i aria-hidden=\"true\" class=\"solid-icon-Paper\"><\/i><\/div><div class=\"feature-box-content\"><span class=\"title\">Tramitamos y preparamos los boletines de cotizaci\u00f3n a la Seguridad Social, tramitaci\u00f3n de saldos acreedores, ingreso de las cuotas mediante domiciliaci\u00f3n en cuenta o pago electr\u00f3nico, posibles aplazamientos de cuotas o recursos por reclamaciones de deudas.<\/span><\/div><\/div>\n\t\t\t\t\t\t\t\t<\/div>\n\t\t\t\t<\/div>\n\t\t\t\t\t<\/div>\n\t\t<\/div>\n\t\t\t\t<div class=\"elementor-column elementor-col-33 elementor-top-column elementor-element elementor-element-e5a5ca8\" data-fullscreen-column-settings=\"{&quot;fullscreen&quot;:&quot;&quot;}\" data-id=\"e5a5ca8\" data-element_type=\"column\">\n\t\t\t<div class=\"elementor-widget-wrap elementor-element-populated\">\n\t\t\t\t\t\t\t\t<div class=\"elementor-element elementor-element-687fe7d elementor-view-default elementor-widget elementor-widget-litho-feature-box\" data-id=\"687fe7d\" data-element_type=\"widget\" data-settings=\"{&quot;litho_feature_box_styles&quot;:&quot;icon-text-style-1&quot;}\" data-widget_type=\"litho-feature-box.default\">\n\t\t\t\t<div class=\"elementor-widget-container\">\n\t\t\t<div class=\"feature-box icon-text-style-1\"><div class=\"elementor-icon\"><i aria-hidden=\"true\" class=\"far fa-hospital\"><\/i><\/div><div class=\"feature-box-content\"><span class=\"title\">Nos encargamos de gestionar y tramitar los partes de alta y baja m\u00e9dica de AT y EP, as\u00ed como los partes de confirmaci\u00f3n, al Instituto Nacional de la Seguridad tanto derivados de contingencias comunes como de contingencias profesionales.<\/span><\/div><\/div>\n\t\t\t\t\t\t\t\t<\/div>\n\t\t\t\t<\/div>\n\t\t\t\t\t<\/div>\n\t\t<\/div>\n\t\t\t\t<div class=\"elementor-column elementor-col-33 elementor-top-column elementor-element elementor-element-59e66fa\" data-fullscreen-column-settings=\"{&quot;fullscreen&quot;:&quot;&quot;}\" data-id=\"59e66fa\" data-element_type=\"column\">\n\t\t\t<div class=\"elementor-widget-wrap elementor-element-populated\">\n\t\t\t\t\t\t\t\t<div class=\"elementor-element elementor-element-4dbebaf elementor-view-default elementor-widget elementor-widget-litho-feature-box\" data-id=\"4dbebaf\" data-element_type=\"widget\" data-settings=\"{&quot;litho_feature_box_styles&quot;:&quot;icon-text-style-1&quot;}\" data-widget_type=\"litho-feature-box.default\">\n\t\t\t\t<div class=\"elementor-widget-container\">\n\t\t\t<div class=\"feature-box icon-text-style-1\"><div class=\"elementor-icon\"><i aria-hidden=\"true\" class=\"fas fa-business-time\"><\/i><\/div><div class=\"feature-box-content\"><span class=\"title\">Comparecemos ante la Inspecci\u00f3n de Trabajo, preparando toda la documentaci\u00f3n solicitada y haciendo un exhaustivo seguimiento de todo el proceso, garantizando que se cumplan todas las normativas laborales vigentes.<\/span><\/div><\/div>\n\t\t\t\t\t\t\t\t<\/div>\n\t\t\t\t<\/div>\n\t\t\t\t\t<\/div>\n\t\t<\/div>\n\t\t\t\t\t\t\t<\/div>\n\t\t<\/section>\n\t\t\t\t<section class=\"elementor-section elementor-top-section elementor-element elementor-element-d196eab elementor-section-boxed elementor-section-height-default elementor-section-height-default\" data-id=\"d196eab\" data-element_type=\"section\">\n\t\t\t\t\t\t<div class=\"elementor-container elementor-column-gap-default\">\n\t\t\t\t\t<div class=\"elementor-column elementor-col-50 elementor-top-column elementor-element elementor-element-8c85833\" data-fullscreen-column-settings=\"{&quot;fullscreen&quot;:&quot;&quot;}\" data-id=\"8c85833\" data-element_type=\"column\">\n\t\t\t<div class=\"elementor-widget-wrap elementor-element-populated\">\n\t\t\t\t\t\t\t\t<div class=\"elementor-element elementor-element-0ad48aa elementor-view-default elementor-widget elementor-widget-litho-feature-box\" data-id=\"0ad48aa\" data-element_type=\"widget\" data-settings=\"{&quot;litho_feature_box_styles&quot;:&quot;icon-text-style-1&quot;}\" data-widget_type=\"litho-feature-box.default\">\n\t\t\t\t<div class=\"elementor-widget-container\">\n\t\t\t<div class=\"feature-box icon-text-style-1\"><div class=\"elementor-icon\"><i aria-hidden=\"true\" class=\"solid-icon-Network\"><\/i><\/div><div class=\"feature-box-content\"><span class=\"title\">En colaboraci\u00f3n con su empresa de Prevenci\u00f3n de Riesgos Laborales realizamos un servicio de consultor\u00eda y asesor\u00eda laboral de su situaci\u00f3n.<\/span><\/div><\/div>\n\t\t\t\t\t\t\t\t<\/div>\n\t\t\t\t<\/div>\n\t\t\t\t\t<\/div>\n\t\t<\/div>\n\t\t\t\t<div class=\"elementor-column elementor-col-50 elementor-top-column elementor-element elementor-element-2d05655\" data-fullscreen-column-settings=\"{&quot;fullscreen&quot;:&quot;&quot;}\" data-id=\"2d05655\" data-element_type=\"column\">\n\t\t\t<div class=\"elementor-widget-wrap elementor-element-populated\">\n\t\t\t\t\t\t\t\t<div class=\"elementor-element elementor-element-26be13e elementor-view-default elementor-widget elementor-widget-litho-feature-box\" data-id=\"26be13e\" data-element_type=\"widget\" data-settings=\"{&quot;litho_feature_box_styles&quot;:&quot;icon-text-style-1&quot;}\" data-widget_type=\"litho-feature-box.default\">\n\t\t\t\t<div class=\"elementor-widget-container\">\n\t\t\t<div class=\"feature-box icon-text-style-1\"><div class=\"elementor-icon\"><i aria-hidden=\"true\" class=\"solid-icon-Find-User\"><\/i><\/div><div class=\"feature-box-content\"><span class=\"title\">Englobamos cualquier actividad relacionada con su Departamento de Recursos Humanos y Administraci\u00f3n de Personal.<\/span><\/div><\/div>\n\t\t\t\t\t\t\t\t<\/div>\n\t\t\t\t<\/div>\n\t\t\t\t\t<\/div>\n\t\t<\/div>\n\t\t\t\t\t\t\t<\/div>\n\t\t<\/section>\n\t\t\t\t<section class=\"elementor-section elementor-top-section elementor-element elementor-element-efbb378 elementor-section-full_width elementor-section-height-default elementor-section-height-default\" data-id=\"efbb378\" data-element_type=\"section\">\n\t\t\t\t\t\t<div class=\"elementor-container elementor-column-gap-default\">\n\t\t\t\t\t<div class=\"elementor-column elementor-col-100 elementor-top-column elementor-element elementor-element-046c7d4\" data-fullscreen-column-settings=\"{&quot;fullscreen&quot;:&quot;&quot;}\" data-id=\"046c7d4\" data-element_type=\"column\">\n\t\t\t<div class=\"elementor-widget-wrap elementor-element-populated\">\n\t\t\t\t\t\t\t\t<div class=\"elementor-element elementor-element-236eb19 elementor-widget elementor-widget-spacer\" data-id=\"236eb19\" data-element_type=\"widget\" data-widget_type=\"spacer.default\">\n\t\t\t\t<div class=\"elementor-widget-container\">\n\t\t\t\t\t<div class=\"elementor-spacer\">\n\t\t\t<div class=\"elementor-spacer-inner\"><\/div>\n\t\t<\/div>\n\t\t\t\t<\/div>\n\t\t\t\t<\/div>\n\t\t\t\t\t<\/div>\n\t\t<\/div>\n\t\t\t\t\t\t\t<\/div>\n\t\t<\/section>\n\t\t\t\t\t\t<\/div>\n\t\t\t\t\t<\/div>","protected":false},"excerpt":{"rendered":"<p>ASESOR\u00cdA LABORAL Como su Asesor\u00eda Laboral, nosotros ayudamos a su negocio, proporcion\u00e1ndole soluciones en la externalizaci\u00f3n de la Administraci\u00f3n de Personal, realizando una aproximaci\u00f3n completa a la misma. Confeccionamos los contratos de trabajo, nominas, finiquitos y res\u00famenes de costes. Elaboramos los Expedientes de regulaci\u00f3n de empleo (ERE). Contratos de trabajo y su comunicaci\u00f3n a la [&hellip;]<\/p>","protected":false},"author":1,"featured_media":0,"parent":0,"menu_order":144,"comment_status":"closed","ping_status":"closed","template":"","meta":{"footnotes":""},"class_list":["post-75437","page","type-page","status-publish","hentry"],"_links":{"self":[{"href":"https:\/\/cristinanavarrosl.es\/en\/wp-json\/wp\/v2\/pages\/75437","targetHints":{"allow":["GET"]}}],"collection":[{"href":"https:\/\/cristinanavarrosl.es\/en\/wp-json\/wp\/v2\/pages"}],"about":[{"href":"https:\/\/cristinanavarrosl.es\/en\/wp-json\/wp\/v2\/types\/page"}],"author":[{"embeddable":true,"href":"https:\/\/cristinanavarrosl.es\/en\/wp-json\/wp\/v2\/users\/1"}],"replies":[{"embeddable":true,"href":"https:\/\/cristinanavarrosl.es\/en\/wp-json\/wp\/v2\/comments?post=75437"}],"version-history":[{"count":10,"href":"https:\/\/cristinanavarrosl.es\/en\/wp-json\/wp\/v2\/pages\/75437\/revisions"}],"predecessor-version":[{"id":75488,"href":"https:\/\/cristinanavarrosl.es\/en\/wp-json\/wp\/v2\/pages\/75437\/revisions\/75488"}],"wp:attachment":[{"href":"https:\/\/cristinanavarrosl.es\/en\/wp-json\/wp\/v2\/media?parent=75437"}],"curies":[{"name":"wp","href":"https:\/\/api.w.org\/{rel}","templated":true}]}}