{"id":245,"date":"2021-02-06T09:49:00","date_gmt":"2021-02-06T09:49:00","guid":{"rendered":"https:\/\/litho.themezaa.com\/?page_id=245"},"modified":"2025-01-30T11:24:00","modified_gmt":"2025-01-30T11:24:00","slug":"asesoria-fiscal-y-contable","status":"publish","type":"page","link":"https:\/\/cristinanavarrosl.es\/en\/asesoria-fiscal-y-contable\/","title":{"rendered":"ASESOR\u00cdA FISCAL &#8211; CONTABLE"},"content":{"rendered":"<div data-elementor-type=\"wp-page\" data-elementor-id=\"245\" class=\"elementor elementor-245\" data-elementor-settings=\"[]\">\n\t\t\t\t\t\t\t<div class=\"elementor-section-wrap\">\n\t\t\t\t\t\t\t<section class=\"elementor-section elementor-top-section elementor-element elementor-element-fc76a94 elementor-section-boxed elementor-section-height-default elementor-section-height-default\" data-id=\"fc76a94\" data-element_type=\"section\">\n\t\t\t\t\t\t<div class=\"elementor-container elementor-column-gap-default\">\n\t\t\t\t\t<div class=\"elementor-column elementor-col-100 elementor-top-column elementor-element elementor-element-3731fb9\" data-fullscreen-column-settings=\"{&quot;fullscreen&quot;:&quot;&quot;}\" data-id=\"3731fb9\" data-element_type=\"column\">\n\t\t\t<div class=\"elementor-widget-wrap elementor-element-populated\">\n\t\t\t\t\t\t\t\t<div class=\"elementor-element elementor-element-08fbfb8 elementor-widget elementor-widget-heading\" data-id=\"08fbfb8\" data-element_type=\"widget\" data-widget_type=\"heading.default\">\n\t\t\t\t<div class=\"elementor-widget-container\">\n\t\t\t<h2 class=\"elementor-heading-title elementor-size-default\">ASESOR\u00cdA FISCAL- CONTABLE<\/h2>\t\t<\/div>\n\t\t\t\t<\/div>\n\t\t\t\t<div class=\"elementor-element elementor-element-e37a194 elementor-widget elementor-widget-spacer\" data-id=\"e37a194\" data-element_type=\"widget\" data-widget_type=\"spacer.default\">\n\t\t\t\t<div class=\"elementor-widget-container\">\n\t\t\t\t\t<div class=\"elementor-spacer\">\n\t\t\t<div class=\"elementor-spacer-inner\"><\/div>\n\t\t<\/div>\n\t\t\t\t<\/div>\n\t\t\t\t<\/div>\n\t\t\t\t<div class=\"elementor-element elementor-element-6d3f951 elementor-widget elementor-widget-text-editor\" data-id=\"6d3f951\" data-element_type=\"widget\" data-widget_type=\"text-editor.default\">\n\t\t\t\t<div class=\"elementor-widget-container\">\n\t\t\t\t\t\t\t<p style=\"text-align: justify;\">Apoyamos a m\u00e1s de 200 empresas en la operativa diaria de sus organizaciones, facilit\u00e1ndoles la presentaci\u00f3n de impuestos, llevanza de sus contabilidades y su gesti\u00f3n administrativa.<\/p>\n<p style=\"text-align: justify;\">Reforzando nuestra posici\u00f3n como gestores de obligaciones fiscales y asesores contables est\u00e1n los profesionales, Diplomados en econ\u00f3micas y empresariales y en derecho tributario , que trabajan en CRISTINA NAVARRO S.L., con un alto conocimiento de impuestos y un fuerte background financiero y contable que les permite aportar soluciones en el \u00e1rea de Gesti\u00f3n Contable y Tributaria a nuestros clientes.<\/p>\n<p style=\"text-align: justify;\">El \u00c1rea de Gesti\u00f3n Contable-tributaria de CRISTINA NAVARRO S.L. ofrece asesor\u00eda contable y gesti\u00f3n tributaria mediante un desarrollo completo de los siguientes servicios:<\/p>\t\t\t\t\t\t<\/div>\n\t\t\t\t<\/div>\n\t\t\t\t\t<\/div>\n\t\t<\/div>\n\t\t\t\t\t\t\t<\/div>\n\t\t<\/section>\n\t\t\t\t<section class=\"elementor-section elementor-top-section elementor-element elementor-element-a27e0d2 elementor-section-boxed elementor-section-height-default elementor-section-height-default\" data-id=\"a27e0d2\" data-element_type=\"section\">\n\t\t\t\t\t\t<div class=\"elementor-container elementor-column-gap-default\">\n\t\t\t\t\t<div class=\"elementor-column elementor-col-100 elementor-top-column elementor-element elementor-element-55273a16\" data-fullscreen-column-settings=\"{&quot;fullscreen&quot;:&quot;&quot;}\" data-id=\"55273a16\" data-element_type=\"column\">\n\t\t\t<div class=\"elementor-widget-wrap elementor-element-populated\">\n\t\t\t\t\t\t\t\t<div class=\"elementor-element elementor-element-1b8293ae elementor-view-default elementor-widget elementor-widget-litho-feature-box\" data-id=\"1b8293ae\" data-element_type=\"widget\" data-settings=\"{&quot;litho_feature_box_styles&quot;:&quot;icon-text-style-1&quot;}\" data-widget_type=\"litho-feature-box.default\">\n\t\t\t\t<div class=\"elementor-widget-container\">\n\t\t\t<div class=\"feature-box icon-text-style-1\"><div class=\"elementor-icon\"><i aria-hidden=\"true\" class=\"fas fa-money-bill\"><\/i><\/div><div class=\"feature-box-content\"><span class=\"title\">Elaboraci\u00f3n Contabilidades<\/span><div class=\"content\"><p style=\"text-align: justify\">Este servicio abarca las diferentes topolog\u00edas que puede adaptar la actividad econ\u00f3mica empresarial:<\/p>\n\n<ul>\n \t<li style=\"text-align: justify\">Actividades empresariales de car\u00e1cter mercantil. En la que es obligatorio confeccionar contabilidad ajustada a lo dispuesto en el C\u00f3digo de Comercio -libros diario, de inventario y cuentas anuales-, as\u00ed como legalizar los libros contables en el Registro Mercantil.<\/li>\n \t<li style=\"text-align: justify\">Actividades empresariales que no tengan car\u00e1cter mercantil. En las deben confeccionarse los libros-registro de ingresos y ventas, de gastos y compras y de bienes de inversi\u00f3n.<\/li>\n \t<li style=\"text-align: justify\">Actividades profesionales. En las que son obligatorios los libros-registro de ingresos, de gastos, de bienes de inversi\u00f3n y de provisi\u00f3n de fondos y suplidos.<\/li>\n<\/ul><\/div><\/div><\/div>\n\t\t\t\t\t\t\t\t<\/div>\n\t\t\t\t<\/div>\n\t\t\t\t\t<\/div>\n\t\t<\/div>\n\t\t\t\t\t\t\t<\/div>\n\t\t<\/section>\n\t\t\t\t<section class=\"elementor-section elementor-top-section elementor-element elementor-element-59340e5 elementor-section-boxed elementor-section-height-default elementor-section-height-default\" data-id=\"59340e5\" data-element_type=\"section\">\n\t\t\t\t\t\t<div class=\"elementor-container elementor-column-gap-default\">\n\t\t\t\t\t<div class=\"elementor-column elementor-col-50 elementor-top-column elementor-element elementor-element-e6a2a72\" data-fullscreen-column-settings=\"{&quot;fullscreen&quot;:&quot;&quot;}\" data-id=\"e6a2a72\" data-element_type=\"column\">\n\t\t\t<div class=\"elementor-widget-wrap elementor-element-populated\">\n\t\t\t\t\t\t\t\t<div class=\"elementor-element elementor-element-00e486d elementor-view-default elementor-widget elementor-widget-litho-feature-box\" data-id=\"00e486d\" data-element_type=\"widget\" data-settings=\"{&quot;litho_feature_box_styles&quot;:&quot;icon-text-style-1&quot;}\" data-widget_type=\"litho-feature-box.default\">\n\t\t\t\t<div class=\"elementor-widget-container\">\n\t\t\t<div class=\"feature-box icon-text-style-1\"><div class=\"elementor-icon\"><i aria-hidden=\"true\" class=\"solid-icon-Pantheon\"><\/i><\/div><div class=\"feature-box-content\"><span class=\"title\">Liquidaciones de impuestos | Gesti\u00f3n Tributaria<\/span><div class=\"content\"><p style=\"text-align: justify\">Nuestros t\u00e9cnicos tributarios se encargan de la confecci\u00f3n y presentaci\u00f3n de las declaraciones del IVA e IRPF, Impuesto sobre Sociedades y sus correspondientes pagos fraccionados. Preparamos la declaraci\u00f3n anual de operaciones con terceros en relaci\u00f3n con las compras y ventas efectuadas en la actividad y el resto de declaraciones res\u00famenes anuales y cualquier otro tipo de impuesto a la que este sujeta la actividad.<\/p><\/div><\/div><\/div>\n\t\t\t\t\t\t\t\t<\/div>\n\t\t\t\t<\/div>\n\t\t\t\t\t<\/div>\n\t\t<\/div>\n\t\t\t\t<div class=\"elementor-column elementor-col-50 elementor-top-column elementor-element elementor-element-1224cf1\" data-fullscreen-column-settings=\"{&quot;fullscreen&quot;:&quot;&quot;}\" data-id=\"1224cf1\" data-element_type=\"column\">\n\t\t\t<div class=\"elementor-widget-wrap elementor-element-populated\">\n\t\t\t\t\t\t\t\t<div class=\"elementor-element elementor-element-eb411c0 elementor-view-default elementor-widget elementor-widget-litho-feature-box\" data-id=\"eb411c0\" data-element_type=\"widget\" data-settings=\"{&quot;litho_feature_box_styles&quot;:&quot;icon-text-style-1&quot;}\" data-widget_type=\"litho-feature-box.default\">\n\t\t\t\t<div class=\"elementor-widget-container\">\n\t\t\t<div class=\"feature-box icon-text-style-1\"><div class=\"elementor-icon\"><i aria-hidden=\"true\" class=\"fas fa-book\"><\/i><\/div><div class=\"feature-box-content\"><span class=\"title\">Legalizaci\u00f3n de Libros Contables<\/span><div class=\"content\"><p style=\"text-align: justify\">Confeccionamos los libros de contabilidad m\u00e1s comunes, como el libro diario, el de inventario y cuentas anuales, adem\u00e1s de aquellos que, seg\u00fan la actividad de la empresa, se consideren necesarios para una mejor comprensi\u00f3n financiera. Una vez elaborados y revisados, nos aseguramos de su correcta presentaci\u00f3n en el Registro Mercantil dentro del plazo legalmente establecido, garantizando el cumplimiento de todas las normativas vigentes.<\/p><\/div><\/div><\/div>\n\t\t\t\t\t\t\t\t<\/div>\n\t\t\t\t<\/div>\n\t\t\t\t\t<\/div>\n\t\t<\/div>\n\t\t\t\t\t\t\t<\/div>\n\t\t<\/section>\n\t\t\t\t<section class=\"elementor-section elementor-top-section elementor-element elementor-element-a9ba63a elementor-section-boxed elementor-section-height-default elementor-section-height-default\" data-id=\"a9ba63a\" data-element_type=\"section\">\n\t\t\t\t\t\t<div class=\"elementor-container elementor-column-gap-default\">\n\t\t\t\t\t<div class=\"elementor-column elementor-col-50 elementor-top-column elementor-element elementor-element-46533c9\" data-fullscreen-column-settings=\"{&quot;fullscreen&quot;:&quot;&quot;}\" data-id=\"46533c9\" data-element_type=\"column\">\n\t\t\t<div class=\"elementor-widget-wrap elementor-element-populated\">\n\t\t\t\t\t\t\t\t<div class=\"elementor-element elementor-element-7e1bd78 elementor-view-default elementor-widget elementor-widget-litho-feature-box\" data-id=\"7e1bd78\" data-element_type=\"widget\" data-settings=\"{&quot;litho_feature_box_styles&quot;:&quot;icon-text-style-1&quot;}\" data-widget_type=\"litho-feature-box.default\">\n\t\t\t\t<div class=\"elementor-widget-container\">\n\t\t\t<div class=\"feature-box icon-text-style-1\"><div class=\"elementor-icon\"><i aria-hidden=\"true\" class=\"solid-icon-Building\"><\/i><\/div><div class=\"feature-box-content\"><span class=\"title\">Operaciones vinculadas y obligaciones de documentaci\u00f3n<\/span><div class=\"content\"><p style=\"text-align: justify\">Apoyamos a los contribuyentes en la preparaci\u00f3n de las obligaciones de documentaci\u00f3n requeridas para la creaci\u00f3n del master file del grupo y del archivo de documentos obligatorios espec\u00edficos del obligado tributario de acuerdo al Real Decreto 1793\/2008, de 3 de noviembre, que establece reglamentariamente las obligaciones de documentaci\u00f3n de las operaciones vinculadas a preparar por cada sociedad y\/o grupo de sociedades.<\/p><\/div><\/div><\/div>\n\t\t\t\t\t\t\t\t<\/div>\n\t\t\t\t<\/div>\n\t\t\t\t\t<\/div>\n\t\t<\/div>\n\t\t\t\t<div class=\"elementor-column elementor-col-50 elementor-top-column elementor-element elementor-element-48952fc\" data-fullscreen-column-settings=\"{&quot;fullscreen&quot;:&quot;&quot;}\" data-id=\"48952fc\" data-element_type=\"column\">\n\t\t\t<div class=\"elementor-widget-wrap elementor-element-populated\">\n\t\t\t\t\t\t\t\t<div class=\"elementor-element elementor-element-96b6e46 elementor-view-default elementor-widget elementor-widget-litho-feature-box\" data-id=\"96b6e46\" data-element_type=\"widget\" data-settings=\"{&quot;litho_feature_box_styles&quot;:&quot;icon-text-style-1&quot;}\" data-widget_type=\"litho-feature-box.default\">\n\t\t\t\t<div class=\"elementor-widget-container\">\n\t\t\t<div class=\"feature-box icon-text-style-1\"><div class=\"elementor-icon\"><i aria-hidden=\"true\" class=\"solid-icon-Open-Book\"><\/i><\/div><div class=\"feature-box-content\"><span class=\"title\">Confecci\u00f3n de Libros Registro fiscales<\/span><div class=\"content\"><p style=\"text-align: justify\">Preparamos los libros fiscales obligatorios referidos al IVA e IRPF:<\/p>\n\n<ul>\n \t<li style=\"text-align: justify\">Libro registro de facturas emitidas.<\/li>\n \t<li style=\"text-align: justify\">Libro registro de facturas recibidas.<\/li>\n \t<li style=\"text-align: justify\">Libro registro de bienes de inversi\u00f3n.<\/li>\n \t<li style=\"text-align: justify\">Libro registro de determinadas operaciones intracomunitarias.<\/li>\n \t<li style=\"text-align: justify\">Libro de Ventas e ingresos, Libro de Compras y Gastos, Libro de Bienes de Inversi\u00f3n y Libro de Provisi\u00f3n de Fondos.<\/li>\n<\/ul><\/div><\/div><\/div>\n\t\t\t\t\t\t\t\t<\/div>\n\t\t\t\t<\/div>\n\t\t\t\t\t<\/div>\n\t\t<\/div>\n\t\t\t\t\t\t\t<\/div>\n\t\t<\/section>\n\t\t\t\t<section class=\"elementor-section elementor-top-section elementor-element elementor-element-cf4731c elementor-section-boxed elementor-section-height-default elementor-section-height-default\" data-id=\"cf4731c\" data-element_type=\"section\">\n\t\t\t\t\t\t<div class=\"elementor-container elementor-column-gap-default\">\n\t\t\t\t\t<div class=\"elementor-column elementor-col-50 elementor-top-column elementor-element elementor-element-966cabc\" data-fullscreen-column-settings=\"{&quot;fullscreen&quot;:&quot;&quot;}\" data-id=\"966cabc\" data-element_type=\"column\">\n\t\t\t<div class=\"elementor-widget-wrap elementor-element-populated\">\n\t\t\t\t\t\t\t\t<div class=\"elementor-element elementor-element-239b2cf elementor-view-default elementor-widget elementor-widget-litho-feature-box\" data-id=\"239b2cf\" data-element_type=\"widget\" data-settings=\"{&quot;litho_feature_box_styles&quot;:&quot;icon-text-style-1&quot;}\" data-widget_type=\"litho-feature-box.default\">\n\t\t\t\t<div class=\"elementor-widget-container\">\n\t\t\t<div class=\"feature-box icon-text-style-1\"><div class=\"elementor-icon\"><i aria-hidden=\"true\" class=\"far fa-chart-bar\"><\/i><\/div><div class=\"feature-box-content\"><span class=\"title\">Confecci\u00f3n y dep\u00f3sito de Cuentas Anuales, Memoria e Informe de gesti\u00f3n<\/span><div class=\"content\"><p style=\"text-align: justify\">Preparamos las cuentas anuales (Balance, Cuenta de P\u00e9rdidas y Ganancias, Memoria, Estado de Cambios del Patrimonio Neto, as\u00ed como el Estado de Flujos de Efectivo) que deber\u00e1n ser formuladas por el empresario o los administradores en el plazo m\u00e1ximo de tres meses, a contar desde el cierre del ejercicio. Una vez formuladas y aprobadas por la Junta General de Accionistas procedemos a su deposito en el Registro Mercantil correspondiente.<\/p><\/div><\/div><\/div>\n\t\t\t\t\t\t\t\t<\/div>\n\t\t\t\t<\/div>\n\t\t\t\t\t<\/div>\n\t\t<\/div>\n\t\t\t\t<div class=\"elementor-column elementor-col-50 elementor-top-column elementor-element elementor-element-93ecb04\" data-fullscreen-column-settings=\"{&quot;fullscreen&quot;:&quot;&quot;}\" data-id=\"93ecb04\" data-element_type=\"column\">\n\t\t\t<div class=\"elementor-widget-wrap elementor-element-populated\">\n\t\t\t\t\t\t\t\t<div class=\"elementor-element elementor-element-ce29ccf elementor-view-default elementor-widget elementor-widget-litho-feature-box\" data-id=\"ce29ccf\" data-element_type=\"widget\" data-settings=\"{&quot;litho_feature_box_styles&quot;:&quot;icon-text-style-1&quot;}\" data-widget_type=\"litho-feature-box.default\">\n\t\t\t\t<div class=\"elementor-widget-container\">\n\t\t\t<div class=\"feature-box icon-text-style-1\"><div class=\"elementor-icon\"><i aria-hidden=\"true\" class=\"solid-icon-Paper\"><\/i><\/div><div class=\"feature-box-content\"><span class=\"title\">Representaci\u00f3n fiscal<\/span><div class=\"content\"><p style=\"text-align: justify\">Actuamos en nombre de nuestros clientes\u00a0 como sus representantes fiscales ante la Agencia Tributaria Espa\u00f1ola.<\/p><p>\u00a0<\/p><p>\u00a0<\/p><p>\u00a0<\/p><p>\u00a0<\/p><\/div><\/div><\/div>\n\t\t\t\t\t\t\t\t<\/div>\n\t\t\t\t<\/div>\n\t\t\t\t\t<\/div>\n\t\t<\/div>\n\t\t\t\t\t\t\t<\/div>\n\t\t<\/section>\n\t\t\t\t<section class=\"elementor-section elementor-top-section elementor-element elementor-element-efbb378 elementor-section-full_width elementor-section-height-default elementor-section-height-default\" data-id=\"efbb378\" data-element_type=\"section\">\n\t\t\t\t\t\t<div class=\"elementor-container elementor-column-gap-default\">\n\t\t\t\t\t<div class=\"elementor-column elementor-col-100 elementor-top-column elementor-element elementor-element-046c7d4\" data-fullscreen-column-settings=\"{&quot;fullscreen&quot;:&quot;&quot;}\" data-id=\"046c7d4\" data-element_type=\"column\">\n\t\t\t<div class=\"elementor-widget-wrap elementor-element-populated\">\n\t\t\t\t\t\t\t\t<div class=\"elementor-element elementor-element-236eb19 elementor-widget elementor-widget-spacer\" data-id=\"236eb19\" data-element_type=\"widget\" data-widget_type=\"spacer.default\">\n\t\t\t\t<div class=\"elementor-widget-container\">\n\t\t\t\t\t<div class=\"elementor-spacer\">\n\t\t\t<div class=\"elementor-spacer-inner\"><\/div>\n\t\t<\/div>\n\t\t\t\t<\/div>\n\t\t\t\t<\/div>\n\t\t\t\t\t<\/div>\n\t\t<\/div>\n\t\t\t\t\t\t\t<\/div>\n\t\t<\/section>\n\t\t\t\t\t\t<\/div>\n\t\t\t\t\t<\/div>","protected":false},"excerpt":{"rendered":"<p>ASESOR\u00cdA FISCAL- CONTABLE Apoyamos a m\u00e1s de 200 empresas en la operativa diaria de sus organizaciones, facilit\u00e1ndoles la presentaci\u00f3n de impuestos, llevanza de sus contabilidades y su gesti\u00f3n administrativa. Reforzando nuestra posici\u00f3n como gestores de obligaciones fiscales y asesores contables est\u00e1n los profesionales, Diplomados en econ\u00f3micas y empresariales y en derecho tributario , que trabajan [&hellip;]<\/p>","protected":false},"author":1,"featured_media":0,"parent":0,"menu_order":144,"comment_status":"closed","ping_status":"closed","template":"","meta":{"footnotes":""},"class_list":["post-245","page","type-page","status-publish","hentry"],"_links":{"self":[{"href":"https:\/\/cristinanavarrosl.es\/en\/wp-json\/wp\/v2\/pages\/245","targetHints":{"allow":["GET"]}}],"collection":[{"href":"https:\/\/cristinanavarrosl.es\/en\/wp-json\/wp\/v2\/pages"}],"about":[{"href":"https:\/\/cristinanavarrosl.es\/en\/wp-json\/wp\/v2\/types\/page"}],"author":[{"embeddable":true,"href":"https:\/\/cristinanavarrosl.es\/en\/wp-json\/wp\/v2\/users\/1"}],"replies":[{"embeddable":true,"href":"https:\/\/cristinanavarrosl.es\/en\/wp-json\/wp\/v2\/comments?post=245"}],"version-history":[{"count":29,"href":"https:\/\/cristinanavarrosl.es\/en\/wp-json\/wp\/v2\/pages\/245\/revisions"}],"predecessor-version":[{"id":75417,"href":"https:\/\/cristinanavarrosl.es\/en\/wp-json\/wp\/v2\/pages\/245\/revisions\/75417"}],"wp:attachment":[{"href":"https:\/\/cristinanavarrosl.es\/en\/wp-json\/wp\/v2\/media?parent=245"}],"curies":[{"name":"wp","href":"https:\/\/api.w.org\/{rel}","templated":true}]}}